{"id":845,"date":"2024-09-26T14:16:09","date_gmt":"2024-09-26T14:16:09","guid":{"rendered":"https:\/\/jaymieicke.com\/?post_type=product&#038;p=845"},"modified":"2024-11-05T07:47:27","modified_gmt":"2024-11-05T07:47:27","slug":"madtrav-manuka-honey-mgo120-250g-2","status":"publish","type":"product","link":"https:\/\/jaymieicke.com\/?product=madtrav-manuka-honey-mgo120-250g-2","title":{"rendered":"MadTrav | Manuka Honey MGO120+ | 250g"},"content":{"rendered":"<div style=\"height:84px\" aria-hidden=\"true\" class=\"wp-block-spacer\"><\/div><h2 class=\"wp-block-heading\"><strong>Unlock the incredible benefits of Manuka Honey\u2026<\/strong><\/h2><ul class=\"wp-block-list\"><li>Contains antibacterial properties.<\/li>\n\n<li>Provides support to general well-being.<\/li>\n\n<li>Fully traceable back to New Zealand.<\/li>\n\n<li>Tested for its purity and potency.<\/li>\n\n<li>Harvested from the pristine East Cape region of New Zealand.<\/li>\n\n<li>Our Lucious and intensely creamy Manuka is lovingly added to each jar and fully traceable back to the hive.<\/li><\/ul><div style=\"height:44px\" aria-hidden=\"true\" class=\"wp-block-spacer\"><\/div><section style=\"border-radius:0\" data-breakpoint=\"1008\" class=\"wp-block-jab-container undefined\n  wp-block--jab\n u-relative-hidden\n children-are-inline\n is-front-end\"><div class=\"block__mount-container\"> <\/div><div class=\"block__inner\" style=\"max-width:none\"><section data-parallax=\"true\" data-media=\"{&quot;uploading&quot;:false,&quot;date&quot;:1705506282000,&quot;filename&quot;:&quot;Pouring-honey-594088-scaled.jpg&quot;,&quot;menuOrder&quot;:0,&quot;uploadedTo&quot;:345,&quot;type&quot;:&quot;image&quot;,&quot;subtype&quot;:&quot;jpeg&quot;,&quot;id&quot;:714,&quot;title&quot;:&quot;Close up pouring fresh fluid honey in bowl&quot;,&quot;url&quot;:&quot;https:\/\/shop.ickonic.com\/wp-content\/uploads\/2023\/11\/Pouring-honey-594088-scaled.jpg&quot;,&quot;link&quot;:&quot;https:\/\/shop.ickonic.com\/?attachment_id=714&quot;,&quot;alt&quot;:&quot;&quot;,&quot;author&quot;:&quot;3&quot;,&quot;description&quot;:&quot;&quot;,&quot;caption&quot;:&quot;Close up background of pouring fresh thick fluid acacia honey in bowl, high angle view&quot;,&quot;name&quot;:&quot;close-up-pouring-fresh-fluid-honey-in-bowl&quot;,&quot;status&quot;:&quot;inherit&quot;,&quot;modified&quot;:1705506282000,&quot;mime&quot;:&quot;image\/jpeg&quot;,&quot;icon&quot;:&quot;https:\/\/shop.ickonic.com\/wp-includes\/images\/media\/default.png&quot;,&quot;dateFormatted&quot;:&quot;January 17, 2024&quot;,&quot;nonces&quot;:{&quot;update&quot;:&quot;850f28ae6f&quot;,&quot;delete&quot;:&quot;e05b9a0a38&quot;,&quot;edit&quot;:&quot;6051a7d2c4&quot;},&quot;editLink&quot;:&quot;https:\/\/shop.ickonic.com\/wp-admin\/post.php?post=714&amp;action=edit&quot;,&quot;meta&quot;:false,&quot;authorName&quot;:&quot;Gina Stenson&quot;,&quot;authorLink&quot;:&quot;https:\/\/shop.ickonic.com\/wp-admin\/profile.php&quot;,&quot;uploadedToTitle&quot;:&quot;MadTrav | Manuka Honey MGO640+ | 250g&quot;,&quot;uploadedToLink&quot;:&quot;https:\/\/shop.ickonic.com\/wp-admin\/post.php?post=345&amp;action=edit&quot;,&quot;filesizeInBytes&quot;:628140,&quot;filesizeHumanReadable&quot;:&quot;613 KB&quot;,&quot;context&quot;:&quot;&quot;,&quot;originalImageURL&quot;:&quot;https:\/\/shop.ickonic.com\/wp-content\/uploads\/2023\/11\/Pouring-honey-594088.jpg&quot;,&quot;originalImageName&quot;:&quot;Pouring-honey-594088.jpg&quot;,&quot;height&quot;:1597,&quot;width&quot;:2560,&quot;orientation&quot;:&quot;landscape&quot;,&quot;sizes&quot;:{&quot;thumbnail&quot;:{&quot;height&quot;:150,&quot;width&quot;:150,&quot;url&quot;:&quot;https:\/\/shop.ickonic.com\/wp-content\/uploads\/2023\/11\/Pouring-honey-594088-150x150.jpg&quot;,&quot;orientation&quot;:&quot;landscape&quot;},&quot;medium&quot;:{&quot;height&quot;:187,&quot;width&quot;:300,&quot;url&quot;:&quot;https:\/\/shop.ickonic.com\/wp-content\/uploads\/2023\/11\/Pouring-honey-594088-300x187.jpg&quot;,&quot;orientation&quot;:&quot;landscape&quot;},&quot;large&quot;:{&quot;height&quot;:639,&quot;width&quot;:1024,&quot;url&quot;:&quot;https:\/\/shop.ickonic.com\/wp-content\/uploads\/2023\/11\/Pouring-honey-594088-1024x639.jpg&quot;,&quot;orientation&quot;:&quot;landscape&quot;},&quot;full&quot;:{&quot;url&quot;:&quot;https:\/\/shop.ickonic.com\/wp-content\/uploads\/2023\/11\/Pouring-honey-594088-scaled.jpg&quot;,&quot;height&quot;:1597,&quot;width&quot;:2560,&quot;orientation&quot;:&quot;landscape&quot;}},&quot;compat&quot;:{&quot;item&quot;:&quot;&quot;,&quot;meta&quot;:&quot;&quot;}}\" data-bgopacity=\"10\" data-desktopwidth=\"60%\" data-backgroundposition=\"center\" data-backgroundsize=\"cover\" data-backgroundrepeat=\"no-repeat\" class=\"wp-block-jab-box undefined\n  wp-block--jab\n jab-grid-item\n is-front-end\" style=\"background:#000;width:60%;align-items:center;padding:1rem 1rem;order:0\"><div class=\"c-media u-full_cover_absolute\"><div class=\"o-media u-full_cover_absolute\" style=\"background:url(https:\/\/shop.ickonic.com\/wp-content\/uploads\/2023\/11\/Pouring-honey-594088-scaled.jpg) center\/cover no-repeat;opacity:1\"> <\/div><\/div><div class=\"block__container\" style=\"max-width:1432px;justify-content:center\"><div class=\"block__mobile-wrapper\" style=\"max-width:none;justify-content:center\"><div class=\"block__inner\" style=\"padding:1rem 1rem;max-width:none\"><div style=\"height:400px\" aria-hidden=\"true\" class=\"wp-block-spacer\"><\/div><\/div><\/div><\/div><\/section>\n\n<section data-parallax=\"false\" data-media=\"{}\" data-bgopacity=\"6\" data-desktopwidth=\"40%\" data-backgroundposition=\"center\" data-backgroundsize=\"cover\" data-backgroundrepeat=\"no-repeat\" class=\"wp-block-jab-box undefined\n  wp-block--jab\n jab-grid-item\n is-front-end\" style=\"background:#f0f0f0;width:40%;align-items:center;padding:2rem 2rem;order:0\"><div class=\"c-media u-full_cover_absolute\"><div class=\"o-media u-full_cover_absolute\" style=\"background:none;opacity:0.6\"> <\/div><\/div><div class=\"block__container\" style=\"max-width:1432px;justify-content:center\"><div class=\"block__mobile-wrapper\" style=\"max-width:none;justify-content:center\"><div class=\"block__inner\" style=\"padding:1rem 1rem;max-width:none\"><h2 class=\"wp-block-heading has-btd-black-color has-text-color has-link-color has-medium-font-size wp-elements-2322d041a28963ae2dd121388dea6b70\"><strong>What is Manuka Honey?<\/strong><\/h2>\n\n<p style=\"font-size:16px\">M\u0101nuka honey comes from the nectar of the flower of the M\u0101nuka bush (Leptospermum scoparium) which is indigenous to New Zealand. It is the nectar and the bee that give this honey its unique properties and benefits. <\/p>\n\n<p><\/p>\n\n<h2 class=\"wp-block-heading has-medium-font-size\"><strong>What does MGO stand for?<\/strong><\/h2>\n\n<p style=\"font-size:16px\">MGO stands for Methylglyoxal, a natural compound found in varying concentrations in Manuka honey. It is the key component responsible for the unique antibacterial properties of Manuka honey. The MGO level is often used as a marker to measure the potency and quality of Manuka honey \u2013 higher MGO levels generally indicate a more potent and beneficial honey.<\/p><\/div><\/div><\/div><\/section><\/div><\/section><section style=\"border-radius:0\" data-breakpoint=\"1008\" class=\"wp-block-jab-container undefined\n  wp-block--jab\n u-relative-hidden\n children-are-inline\n is-front-end\"><div class=\"block__mount-container\"> <\/div><div class=\"block__inner\" style=\"max-width:none\"><section data-parallax=\"false\" data-media=\"{}\" data-bgopacity=\"6\" data-desktopwidth=\"40%\" data-backgroundposition=\"center\" data-backgroundsize=\"cover\" data-backgroundrepeat=\"no-repeat\" class=\"wp-block-jab-box undefined\n  wp-block--jab\n jab-grid-item\n is-front-end\" style=\"background:#f0f0f0;width:40%;align-items:center;padding:2rem 2rem;order:1\"><div class=\"c-media u-full_cover_absolute\"><div class=\"o-media u-full_cover_absolute\" style=\"background:none;opacity:0.6\"> <\/div><\/div><div class=\"block__container\" style=\"max-width:1432px;justify-content:center\"><div class=\"block__mobile-wrapper\" style=\"max-width:none;justify-content:center\"><div class=\"block__inner\" style=\"padding:1rem 1rem;max-width:none\"><h2 class=\"wp-block-heading has-btd-black-color has-text-color has-link-color has-medium-font-size wp-elements-0560efb9a8f2bcca502e185ba5ffd328\"><strong>How can Manuka Honey enhance my  health and well-being? <\/strong><\/h2>\n\n<p style=\"font-size:16px\">Manuka Honey is expertly crafted to support your immune system and ease sore throats. Additionally, when applied topically, it offers skin-nourishing effects, moisturising, reducing inflammation, and promoting a radiant and healthy complexion.<\/p>\n\n<p><\/p>\n\n<h2 class=\"wp-block-heading has-medium-font-size\"><strong>Why is Manuka honey renowned for its antibacterial properties?<\/strong> <\/h2>\n\n<p style=\"font-size:16px\">Scientifically, Manuka honey has demonstrated the ability to inhibit the growth of harmful bacteria, making it effective in preventing infections and promoting the healing of wounds and cuts. Additionally, it has been shown to combat infections, providing relief for conditions like sore throats and respiratory infections. Manuka honey may contribute to digestive health by addressing bacterial imbalances in the gut. <\/p><\/div><\/div><\/div><\/section>\n\n<section data-parallax=\"true\" data-media=\"{&quot;uploading&quot;:false,&quot;date&quot;:1705416569000,&quot;filename&quot;:&quot;Honey-and-spoon-932044-scaled.jpg&quot;,&quot;menuOrder&quot;:0,&quot;uploadedTo&quot;:345,&quot;type&quot;:&quot;image&quot;,&quot;subtype&quot;:&quot;jpeg&quot;,&quot;id&quot;:708,&quot;title&quot;:&quot;Honey-and-spoon-932044&quot;,&quot;url&quot;:&quot;https:\/\/shop.ickonic.com\/wp-content\/uploads\/2023\/11\/Honey-and-spoon-932044-scaled.jpg&quot;,&quot;link&quot;:&quot;https:\/\/shop.ickonic.com\/?attachment_id=708&quot;,&quot;alt&quot;:&quot;&quot;,&quot;author&quot;:&quot;3&quot;,&quot;description&quot;:&quot;&quot;,&quot;caption&quot;:&quot;&quot;,&quot;name&quot;:&quot;honey-and-spoon-932044&quot;,&quot;status&quot;:&quot;inherit&quot;,&quot;modified&quot;:1705416569000,&quot;mime&quot;:&quot;image\/jpeg&quot;,&quot;icon&quot;:&quot;https:\/\/shop.ickonic.com\/wp-includes\/images\/media\/default.png&quot;,&quot;dateFormatted&quot;:&quot;January 16, 2024&quot;,&quot;nonces&quot;:{&quot;update&quot;:&quot;7fb44a6d2b&quot;,&quot;delete&quot;:&quot;26fd866fbf&quot;,&quot;edit&quot;:&quot;5233c6727f&quot;},&quot;editLink&quot;:&quot;https:\/\/shop.ickonic.com\/wp-admin\/post.php?post=708&amp;action=edit&quot;,&quot;meta&quot;:false,&quot;authorName&quot;:&quot;Gina Stenson&quot;,&quot;authorLink&quot;:&quot;https:\/\/shop.ickonic.com\/wp-admin\/profile.php&quot;,&quot;uploadedToTitle&quot;:&quot;MadTrav | Manuka Honey MGO640+ | 250g&quot;,&quot;uploadedToLink&quot;:&quot;https:\/\/shop.ickonic.com\/wp-admin\/post.php?post=345&amp;action=edit&quot;,&quot;filesizeInBytes&quot;:266950,&quot;filesizeHumanReadable&quot;:&quot;261 KB&quot;,&quot;context&quot;:&quot;&quot;,&quot;originalImageURL&quot;:&quot;https:\/\/shop.ickonic.com\/wp-content\/uploads\/2023\/11\/Honey-and-spoon-932044.jpg&quot;,&quot;originalImageName&quot;:&quot;Honey-and-spoon-932044.jpg&quot;,&quot;height&quot;:1440,&quot;width&quot;:2560,&quot;orientation&quot;:&quot;landscape&quot;,&quot;sizes&quot;:{&quot;thumbnail&quot;:{&quot;height&quot;:150,&quot;width&quot;:150,&quot;url&quot;:&quot;https:\/\/shop.ickonic.com\/wp-content\/uploads\/2023\/11\/Honey-and-spoon-932044-150x150.jpg&quot;,&quot;orientation&quot;:&quot;landscape&quot;},&quot;medium&quot;:{&quot;height&quot;:169,&quot;width&quot;:300,&quot;url&quot;:&quot;https:\/\/shop.ickonic.com\/wp-content\/uploads\/2023\/11\/Honey-and-spoon-932044-300x169.jpg&quot;,&quot;orientation&quot;:&quot;landscape&quot;},&quot;large&quot;:{&quot;height&quot;:576,&quot;width&quot;:1024,&quot;url&quot;:&quot;https:\/\/shop.ickonic.com\/wp-content\/uploads\/2023\/11\/Honey-and-spoon-932044-1024x576.jpg&quot;,&quot;orientation&quot;:&quot;landscape&quot;},&quot;full&quot;:{&quot;url&quot;:&quot;https:\/\/shop.ickonic.com\/wp-content\/uploads\/2023\/11\/Honey-and-spoon-932044-scaled.jpg&quot;,&quot;height&quot;:1440,&quot;width&quot;:2560,&quot;orientation&quot;:&quot;landscape&quot;}},&quot;compat&quot;:{&quot;item&quot;:&quot;&quot;,&quot;meta&quot;:&quot;&quot;}}\" data-bgopacity=\"10\" data-desktopwidth=\"60%\" data-backgroundposition=\"center\" data-backgroundsize=\"cover\" data-backgroundrepeat=\"no-repeat\" class=\"wp-block-jab-box undefined\n  wp-block--jab\n jab-grid-item\n is-front-end\" style=\"background:#000;width:60%;align-items:center;padding:1rem 1rem;order:0\"><div class=\"c-media u-full_cover_absolute\"><div class=\"o-media u-full_cover_absolute\" style=\"background:url(https:\/\/shop.ickonic.com\/wp-content\/uploads\/2023\/11\/Honey-and-spoon-932044-scaled.jpg) center\/cover no-repeat;opacity:1\"> <\/div><\/div><div class=\"block__container\" style=\"max-width:1432px;justify-content:center\"><div class=\"block__mobile-wrapper\" style=\"max-width:none;justify-content:center\"><div class=\"block__inner\" style=\"padding:1rem 1rem;max-width:none\"><div style=\"height:300px\" aria-hidden=\"true\" class=\"wp-block-spacer\"><\/div><\/div><\/div><\/div><\/section><\/div><\/section>","protected":false},"excerpt":{"rendered":"<p>Introducing our MadTrav Range of Multifloral Manuka Honey designed to promote daily well-being, elevate beauty routines, or serve as a delightful addition to enhance the flavour of your favourite dishes.<\/p>\n<p>New Zealand M\u0101nuka Honey is a renowned ingredient for its unique properties and is the gold standard in honeys. Found along the remote, arid coastlines of New Zealand, the M\u0101nuka tree is home to a delicate little white flower. Thanks to the European honeybee, the M\u0101nuka pollen is collected during the short 2-6-week flowering period, and from these flowers, M\u0101nuka Honey is born. Because of the M\u0101nuka flowers, the honey has a distinct flavour, that is instantly recognisable compared to other types of honeys. But most importantly, the honey retains the incredible genetic properties of the M\u0101nuka tree, which contains powerful antimicrobial properties. M\u0101nuka Honey\u2019s natural soothing properties are considered almost four times stronger than regular honey, making it an incredible ingredient for topical skincare and personal care. Combined with the natural antimicrobial properties of methylglyoxal, M\u0101nuka Honey has become a staple for promoting general well-being.<\/p>\n","protected":false},"featured_media":296,"comment_status":"closed","ping_status":"closed","template":"","meta":[],"product_cat":[20],"product_tag":[61,52,62,63],"class_list":{"0":"post-845","1":"product","2":"type-product","3":"status-publish","4":"has-post-thumbnail","6":"product_cat-health-and-wellness","7":"product_tag-honey","8":"product_tag-madtrav","9":"product_tag-manuka","10":"product_tag-nutrition","12":"first","13":"instock","14":"taxable","15":"shipping-taxable","16":"purchasable","17":"product-type-simple"},"_links":{"self":[{"href":"https:\/\/jaymieicke.com\/index.php?rest_route=\/wp\/v2\/product\/845","targetHints":{"allow":["GET"]}}],"collection":[{"href":"https:\/\/jaymieicke.com\/index.php?rest_route=\/wp\/v2\/product"}],"about":[{"href":"https:\/\/jaymieicke.com\/index.php?rest_route=\/wp\/v2\/types\/product"}],"replies":[{"embeddable":true,"href":"https:\/\/jaymieicke.com\/index.php?rest_route=%2Fwp%2Fv2%2Fcomments&post=845"}],"wp:featuredmedia":[{"embeddable":true,"href":"https:\/\/jaymieicke.com\/index.php?rest_route=\/wp\/v2\/media\/296"}],"wp:attachment":[{"href":"https:\/\/jaymieicke.com\/index.php?rest_route=%2Fwp%2Fv2%2Fmedia&parent=845"}],"wp:term":[{"taxonomy":"product_cat","embeddable":true,"href":"https:\/\/jaymieicke.com\/index.php?rest_route=%2Fwp%2Fv2%2Fproduct_cat&post=845"},{"taxonomy":"product_tag","embeddable":true,"href":"https:\/\/jaymieicke.com\/index.php?rest_route=%2Fwp%2Fv2%2Fproduct_tag&post=845"}],"curies":[{"name":"wp","href":"https:\/\/api.w.org\/{rel}","templated":true}]}}